{"id":226,"date":"2023-11-07T09:04:30","date_gmt":"2023-11-07T14:04:30","guid":{"rendered":"https:\/\/montreal2024.reiactis.net\/?page_id=226"},"modified":"2024-05-27T17:01:47","modified_gmt":"2024-05-27T21:01:47","slug":"programa-de-la-conferencia","status":"publish","type":"page","link":"https:\/\/montreal2024.reiactis.net\/es\/programa-de-la-conferencia\/","title":{"rendered":"Acceder a la programaci\u00f3n din\u00e1mica aqu\u00ed:"},"content":{"rendered":"\n<p class=\"has-large-font-size\"> <a href=\"https:\/\/conferium.com\/Clients\/249_web\/\">https:\/\/conferium.com\/Clients\/249_web\/<\/a> <\/p>\n\n\n\n<p class=\"has-medium-font-size\"><strong>Programa general final <\/strong>(2024-05-10)<\/p>\n\n\n\n<figure data-wp-context=\"{&quot;imageId&quot;:&quot;69ef9b4f1df7b&quot;}\" data-wp-interactive=\"core\/image\" data-wp-key=\"69ef9b4f1df7b\" class=\"wp-block-image size-full is-resized wp-lightbox-container\"><img loading=\"lazy\" decoding=\"async\" width=\"1200\" height=\"672\" data-wp-class--hide=\"state.isContentHidden\" data-wp-class--show=\"state.isContentVisible\" data-wp-init=\"callbacks.setButtonStyles\" data-wp-on--click=\"actions.showLightbox\" data-wp-on--load=\"callbacks.setButtonStyles\" data-wp-on-window--resize=\"callbacks.setButtonStyles\" src=\"https:\/\/i0.wp.com\/montreal2024.reiactis.net\/wp-content\/uploads\/2024\/05\/programme-general-10mai2024-2.jpg?resize=1200%2C672&#038;ssl=1\" alt=\"\" class=\"wp-image-2881\" style=\"width:908px;height:auto\" srcset=\"https:\/\/i0.wp.com\/montreal2024.reiactis.net\/wp-content\/uploads\/2024\/05\/programme-general-10mai2024-2.jpg?w=1920&amp;ssl=1 1920w, https:\/\/i0.wp.com\/montreal2024.reiactis.net\/wp-content\/uploads\/2024\/05\/programme-general-10mai2024-2.jpg?resize=300%2C168&amp;ssl=1 300w, https:\/\/i0.wp.com\/montreal2024.reiactis.net\/wp-content\/uploads\/2024\/05\/programme-general-10mai2024-2.jpg?resize=1024%2C573&amp;ssl=1 1024w, https:\/\/i0.wp.com\/montreal2024.reiactis.net\/wp-content\/uploads\/2024\/05\/programme-general-10mai2024-2.jpg?resize=768%2C430&amp;ssl=1 768w, https:\/\/i0.wp.com\/montreal2024.reiactis.net\/wp-content\/uploads\/2024\/05\/programme-general-10mai2024-2.jpg?resize=1536%2C860&amp;ssl=1 1536w\" sizes=\"auto, (max-width: 1200px) 100vw, 1200px\" data-recalc-dims=\"1\" \/><button\n\t\t\tclass=\"lightbox-trigger\"\n\t\t\ttype=\"button\"\n\t\t\taria-haspopup=\"dialog\"\n\t\t\taria-label=\"Agrandar\"\n\t\t\tdata-wp-init=\"callbacks.initTriggerButton\"\n\t\t\tdata-wp-on--click=\"actions.showLightbox\"\n\t\t\tdata-wp-style--right=\"state.imageButtonRight\"\n\t\t\tdata-wp-style--top=\"state.imageButtonTop\"\n\t\t>\n\t\t\t<svg xmlns=\"http:\/\/www.w3.org\/2000\/svg\" width=\"12\" height=\"12\" fill=\"none\" viewBox=\"0 0 12 12\">\n\t\t\t\t<path fill=\"#fff\" d=\"M2 0a2 2 0 0 0-2 2v2h1.5V2a.5.5 0 0 1 .5-.5h2V0H2Zm2 10.5H2a.5.5 0 0 1-.5-.5V8H0v2a2 2 0 0 0 2 2h2v-1.5ZM8 12v-1.5h2a.5.5 0 0 0 .5-.5V8H12v2a2 2 0 0 1-2 2H8Zm2-12a2 2 0 0 1 2 2v2h-1.5V2a.5.5 0 0 0-.5-.5H8V0h2Z\" \/>\n\t\t\t<\/svg>\n\t\t<\/button><\/figure>\n\n\n\n<p>Prever un costo extra de participaci\u00f3n a la cena de gala de $75 (opci\u00f3n disponible en la plataforma de inscripci\u00f3n). <\/p>\n\n\n\n<p>Detalles de las visitas del 3 de junio (s\u00f3lo en franc\u00e9s): <a href=\"https:\/\/montreal2024.reiactis.net\/pre-colloque\/\">https:\/\/montreal2024.reiactis.net\/pre-colloque\/<\/a><\/p>\n\n\n\n<hr class=\"wp-block-separator has-alpha-channel-opacity\"\/>\n\n\n\n<p><strong>Lugar de las actividades (no incluye las actividades de l&#8217;\u00c9cole d&#8217;\u00e9t\u00e9)<\/strong><\/p>\n\n\n\n<p>Pavillon 3200 Jean-Brillant, Universit\u00e9 de Montr\u00e9al (<a href=\"https:\/\/maps.app.goo.gl\/BkCAbGg4a4T2mm2Q8\">https:\/\/maps.app.goo.gl\/BkCAbGg4a4T2mm2Q8<\/a>)<\/p>\n\n\n\n<p>3200 Rue Jean-Brillant<\/p>\n\n\n\n<p>Montr\u00e9al, QC H3T 1N8<\/p>\n\n\n\n<hr class=\"wp-block-separator has-alpha-channel-opacity\"\/>\n","protected":false},"excerpt":{"rendered":"<p>https:\/\/conferium.com\/Clients\/249_web\/ Programa general final (2024-05-10) Prever un costo extra de participaci\u00f3n a la cena de gala de $75 (opci\u00f3n disponible en la plataforma de inscripci\u00f3n). Detalles de las visitas del 3 de junio (s\u00f3lo en franc\u00e9s): https:\/\/montreal2024.reiactis.net\/pre-colloque\/ Lugar de las actividades (no incluye las actividades de l&#8217;\u00c9cole d&#8217;\u00e9t\u00e9) Pavillon 3200 Jean-Brillant, Universit\u00e9 de Montr\u00e9al (https:\/\/maps.app.goo.gl\/BkCAbGg4a4T2mm2Q8)<a class=\"excerpt-read-more\" href=\"https:\/\/montreal2024.reiactis.net\/es\/programa-de-la-conferencia\/\" title=\"ReadAcceder a la programaci\u00f3n din\u00e1mica aqu\u00ed:\">&#8230; Read more &raquo;<\/a><\/p>\n","protected":false},"author":1,"featured_media":0,"parent":0,"menu_order":12,"comment_status":"closed","ping_status":"closed","template":"","meta":{"_acf_changed":false,"footnotes":""},"class_list":["post-226","page","type-page","status-publish","hentry"],"acf":[],"jetpack_sharing_enabled":true,"_links":{"self":[{"href":"https:\/\/montreal2024.reiactis.net\/es\/wp-json\/wp\/v2\/pages\/226","targetHints":{"allow":["GET"]}}],"collection":[{"href":"https:\/\/montreal2024.reiactis.net\/es\/wp-json\/wp\/v2\/pages"}],"about":[{"href":"https:\/\/montreal2024.reiactis.net\/es\/wp-json\/wp\/v2\/types\/page"}],"author":[{"embeddable":true,"href":"https:\/\/montreal2024.reiactis.net\/es\/wp-json\/wp\/v2\/users\/1"}],"replies":[{"embeddable":true,"href":"https:\/\/montreal2024.reiactis.net\/es\/wp-json\/wp\/v2\/comments?post=226"}],"version-history":[{"count":17,"href":"https:\/\/montreal2024.reiactis.net\/es\/wp-json\/wp\/v2\/pages\/226\/revisions"}],"predecessor-version":[{"id":3022,"href":"https:\/\/montreal2024.reiactis.net\/es\/wp-json\/wp\/v2\/pages\/226\/revisions\/3022"}],"wp:attachment":[{"href":"https:\/\/montreal2024.reiactis.net\/es\/wp-json\/wp\/v2\/media?parent=226"}],"curies":[{"name":"wp","href":"https:\/\/api.w.org\/{rel}","templated":true}]}}