{"id":133,"date":"2023-08-31T17:22:40","date_gmt":"2023-08-31T21:22:40","guid":{"rendered":"https:\/\/montreal2024.reiactis.net\/?page_id=133"},"modified":"2024-05-12T14:59:47","modified_gmt":"2024-05-12T18:59:47","slug":"inicio","status":"publish","type":"page","link":"https:\/\/montreal2024.reiactis.net\/es\/","title":{"rendered":"Inicio"},"content":{"rendered":"\n<h1 class=\"wp-block-heading has-text-align-center\">\u00a1\u00a1\u00a1Se prolonga el plazo para las propuestas de contribuciones!!!<\/h1>\n\n\n\n<h1 class=\"wp-block-heading has-text-align-center\">Excepci\u00f3n para las propuestas en espa\u00f1ol<\/h1>\n\n\n\n<h1 class=\"wp-block-heading has-text-align-center\">15 de noviembre 2023<\/h1>\n\n\n\n<p>Hemos prolongado el plazo para presentar sus propuestas de contribuciones.&nbsp;Ahora la convocatoria est\u00e1 abierta hasta el 1ro de noviembre 2023. \u00a1Corre la voz y nos vemos en Montreal!<\/p>\n\n\n\n<p>Como recordatorio, esperamos recibir sus propuestas de ponencias en los siguientes campos&#8230;<\/p>\n\n\n\n<ul class=\"wp-block-list\">\n<li>Cient\u00edfico (ponencia individual, simposio, p\u00f3ster)&nbsp;<\/li>\n\n\n\n<li>Intervenci\u00f3n (mesa redonda, presentaci\u00f3n de un proyecto, estudio o iniciativa comunitaria (profesional, asociaci\u00f3n, comunidad, otros), p\u00f3ster)<\/li>\n<\/ul>\n\n\n\n<p>No olviden enviar nuevamente la convocatoria a sus colegas, estudiantes y socios.Para m\u00e1s informaci\u00f3n, pueden contactarnos en&nbsp;<a href=\"mailto:montreal2024@reiactis.net\">montreal2024@reiactis.net<\/a><\/p>\n\n\n\n<hr class=\"wp-block-separator has-alpha-channel-opacity\"\/>\n","protected":false},"excerpt":{"rendered":"<p>\u00a1\u00a1\u00a1Se prolonga el plazo para las propuestas de contribuciones!!! Excepci\u00f3n para las propuestas en espa\u00f1ol 15 de noviembre 2023 Hemos prolongado el plazo para presentar sus propuestas de contribuciones.&nbsp;Ahora la convocatoria est\u00e1 abierta hasta el 1ro de noviembre 2023. \u00a1Corre la voz y nos vemos en Montreal! Como recordatorio, esperamos recibir sus propuestas de ponencias<a class=\"excerpt-read-more\" href=\"https:\/\/montreal2024.reiactis.net\/es\/\" title=\"ReadInicio\">&#8230; Read more &raquo;<\/a><\/p>\n","protected":false},"author":1,"featured_media":0,"parent":0,"menu_order":1,"comment_status":"closed","ping_status":"closed","template":"template-accueil.php","meta":{"_acf_changed":false,"footnotes":""},"class_list":["post-133","page","type-page","status-publish","hentry"],"acf":[],"jetpack_sharing_enabled":true,"_links":{"self":[{"href":"https:\/\/montreal2024.reiactis.net\/es\/wp-json\/wp\/v2\/pages\/133","targetHints":{"allow":["GET"]}}],"collection":[{"href":"https:\/\/montreal2024.reiactis.net\/es\/wp-json\/wp\/v2\/pages"}],"about":[{"href":"https:\/\/montreal2024.reiactis.net\/es\/wp-json\/wp\/v2\/types\/page"}],"author":[{"embeddable":true,"href":"https:\/\/montreal2024.reiactis.net\/es\/wp-json\/wp\/v2\/users\/1"}],"replies":[{"embeddable":true,"href":"https:\/\/montreal2024.reiactis.net\/es\/wp-json\/wp\/v2\/comments?post=133"}],"version-history":[{"count":9,"href":"https:\/\/montreal2024.reiactis.net\/es\/wp-json\/wp\/v2\/pages\/133\/revisions"}],"predecessor-version":[{"id":2837,"href":"https:\/\/montreal2024.reiactis.net\/es\/wp-json\/wp\/v2\/pages\/133\/revisions\/2837"}],"wp:attachment":[{"href":"https:\/\/montreal2024.reiactis.net\/es\/wp-json\/wp\/v2\/media?parent=133"}],"curies":[{"name":"wp","href":"https:\/\/api.w.org\/{rel}","templated":true}]}}