{"id":2712,"date":"2024-04-25T15:25:26","date_gmt":"2024-04-25T19:25:26","guid":{"rendered":"https:\/\/montreal2024.reiactis.net\/pre-colloque\/"},"modified":"2024-04-25T16:34:38","modified_gmt":"2024-04-25T20:34:38","slug":"pre-colloque","status":"publish","type":"page","link":"https:\/\/montreal2024.reiactis.net\/en\/pre-colloque\/","title":{"rendered":"Pre-symposium\u00a0\u2013\u00a0Field and project visits in Quebec"},"content":{"rendered":"\n<p><\/p>\n\n\n\n<div class=\"wpcf7 no-js\" id=\"wpcf7-f2693-o1\" lang=\"fr-FR\" dir=\"ltr\">\n<div class=\"screen-reader-response\"><p role=\"status\" aria-live=\"polite\" aria-atomic=\"true\"><\/p> <ul><\/ul><\/div>\n<form action=\"\/en\/wp-json\/wp\/v2\/pages\/2712#wpcf7-f2693-o1\" method=\"post\" class=\"wpcf7-form init\" aria-label=\"Formulaire de contact\" novalidate=\"novalidate\" data-status=\"init\">\n<div style=\"display: none;\">\n<input type=\"hidden\" name=\"_wpcf7\" value=\"2693\" \/>\n<input type=\"hidden\" name=\"_wpcf7_version\" value=\"5.9.4\" \/>\n<input type=\"hidden\" name=\"_wpcf7_locale\" value=\"fr_FR\" \/>\n<input type=\"hidden\" name=\"_wpcf7_unit_tag\" value=\"wpcf7-f2693-o1\" \/>\n<input type=\"hidden\" name=\"_wpcf7_container_post\" value=\"0\" \/>\n<input type=\"hidden\" name=\"_wpcf7_posted_data_hash\" value=\"\" \/>\n<input type=\"hidden\" name=\"_uacf7_hidden_conditional_fields\" value=\"\" \/>\n<input type=\"hidden\" name=\"_uacf7_repeaters\" value=\"\" \/>\n<input type=\"hidden\" name=\"_uacf7_options\" value=\"\" \/>\n<input type=\"hidden\" name=\"_wpcf7_recaptcha_response\" value=\"\" \/>\n<\/div>\n            <style>\n                :root {\n                    --uacf7-slider-Selection-Color: #1e90ff;\n                    --uacf7-slider-handle-color: #3498db;\n                    --uacf7-slider-handle-width: 24px;\n                    --uacf7-slider-handle-height: 24px;\n                    --uacf7-slider-handle-border-radius: 24px;\n                    --uacf7-slider-range-slider-height: 9px;\n                }\n                .uacf7-form-2693 .ui-slider-horizontal .ui-slider-range {\n                    background-color: #1e90ff;\n                    height: 9px;\n                }\n                .uacf7-form-2693 .ui-widget.ui-widget-content {\n                    height: 9px;\n                    border: 1px solid #1e90ff;\n                    background-color: #EEE;\n                }\n                .uacf7-form-2693 .ui-state-default, .ui-widget-content .ui-state-default{\n                    background-color: #3498db;\n                    width: 24px;\n                    height: 24px;\n                    border-radius: 24px;\n                    cursor: pointer;\n                    border: none !important;\n                    top: -8px;\n                    position: absolute;\n                    \n                }\n              \n                .uacf7-form-2693 .ui-slider-horizontal .ui-slider-handle {\n                    top: -8.5px;\n                }\n                .uacf7-form-2693 input[type=range] {\n                    background-color: #1e90ff;\n                    height: 9px;\n                    border-radius: 5px;\n                }\n                .uacf7-form-2693 .ui-slider-horizontal{\n                    height: 9px;\n                }\n                .uacf7-form-2693 .uacf7-slider::-webkit-slider-thumb {\n                    -webkit-appearance: none;\n                    appearance: none;\n                    width: 24px;\n                    height: 24px;\n                    background:#3498db;\n                    border-radius: 24px;\n                    cursor: pointer;\n                }\n\n                .uacf7-form-2693 .uacf7-slider::-moz-range-thumb {\n                    width: 24px;\n                    height: 24px;\n                    background: #3498db;\n                    border-radius: 24px;\n                    cursor: pointer;\n                }\n            <\/style>\n\n            <div class=\"uacf7-form-2693\"><div class=\"uacf7-form-2693\"><label> Choix de l'activit\u00e9\n<span class=\"wpcf7-form-control-wrap\" data-name=\"choixdelactivite\"><select class=\"wpcf7-form-control wpcf7-select wpcf7-validates-as-required\" aria-required=\"true\" aria-invalid=\"false\" name=\"choixdelactivite\"><option value=\"\">&#8212;Veuillez choisir une option&#8212;<\/option><option value=\"Visite m\u00e9tropolitaine dans le Grand Montr\u00e9al (9h-18h)\">Visite m\u00e9tropolitaine dans le Grand Montr\u00e9al (9h-18h)<\/option><option value=\"Visites dans les r\u00e9gions de l\u2019Estrie et du Centre-du-Qu\u00e9bec (8h-20h)\">Visites dans les r\u00e9gions de l\u2019Estrie et du Centre-du-Qu\u00e9bec (8h-20h)<\/option><\/select><\/span> <\/label>\n\n<div class=\"uacf7-row\">\n    <div class=\"uacf7-col-6\"> <label> Pr\u00e9nom\n    <span class=\"wpcf7-form-control-wrap\" data-name=\"your-first-name\"><input size=\"40\" class=\"wpcf7-form-control wpcf7-text wpcf7-validates-as-required\" autocomplete=\"firstname\" aria-required=\"true\" aria-invalid=\"false\" value=\"\" type=\"text\" name=\"your-first-name\" \/><\/span> <\/label> <\/div>\n    <div class=\"uacf7-col-6\"> <label> Nom\n    <span class=\"wpcf7-form-control-wrap\" data-name=\"your-last-name\"><input size=\"40\" class=\"wpcf7-form-control wpcf7-text wpcf7-validates-as-required\" autocomplete=\"lastname\" aria-required=\"true\" aria-invalid=\"false\" value=\"\" type=\"text\" name=\"your-last-name\" \/><\/span> <\/label> <\/div>\n<\/div>\n\n<label> Organisation\n    <span class=\"wpcf7-form-control-wrap\" data-name=\"organisation\"><input size=\"40\" class=\"wpcf7-form-control wpcf7-text\" aria-invalid=\"false\" value=\"\" type=\"text\" name=\"organisation\" \/><\/span> <\/label>\n\n<label> Courriel\n    <span class=\"wpcf7-form-control-wrap\" data-name=\"your-email\"><input size=\"40\" class=\"wpcf7-form-control wpcf7-email wpcf7-validates-as-required wpcf7-text wpcf7-validates-as-email\" autocomplete=\"email\" aria-required=\"true\" aria-invalid=\"false\" value=\"\" type=\"email\" name=\"your-email\" \/><\/span> <\/label>\n\n<label> Coordonn\u00e9es \u00e0 Montr\u00e9al\n    <span class=\"wpcf7-form-control-wrap\" data-name=\"your-coordomtl\"><textarea cols=\"40\" rows=\"10\" class=\"wpcf7-form-control wpcf7-textarea\" aria-invalid=\"false\" name=\"your-coordomtl\"><\/textarea><\/span> <\/label>\n\n<label> Commentaire\n    <span class=\"wpcf7-form-control-wrap\" data-name=\"your-comment\"><textarea cols=\"40\" rows=\"10\" class=\"wpcf7-form-control wpcf7-textarea\" aria-invalid=\"false\" name=\"your-comment\"><\/textarea><\/span> <\/label>\n\n<div class=\"formfooter\">\n<input class=\"wpcf7-form-control wpcf7-submit has-spinner\" type=\"submit\" value=\"Envoyer\" \/>\n\nCe formulaire utilise Akismet pour r\u00e9duire le courrier ind\u00e9sirable. <a target=\"_blank\" rel=\"nofollow noopener\" href=\"https:\/\/akismet.com\/privacy\/\">D\u00e9couvrez comment vos donn\u00e9es sont trait\u00e9es.<\/a>\n<\/div><\/div><\/div><p style=\"display: none !important;\" class=\"akismet-fields-container\" data-prefix=\"_wpcf7_ak_\"><label>&#916;<textarea name=\"_wpcf7_ak_hp_textarea\" cols=\"45\" rows=\"8\" maxlength=\"100\"><\/textarea><\/label><input type=\"hidden\" id=\"ak_js_1\" name=\"_wpcf7_ak_js\" value=\"170\"\/><script>document.getElementById( \"ak_js_1\" ).setAttribute( \"value\", ( new Date() ).getTime() );<\/script><\/p><div class=\"wpcf7-response-output\" aria-hidden=\"true\"><\/div>\n<\/form>\n<\/div>\n\n","protected":false},"excerpt":{"rendered":"","protected":false},"author":1,"featured_media":0,"parent":0,"menu_order":8,"comment_status":"closed","ping_status":"closed","template":"","meta":{"_acf_changed":false,"footnotes":""},"class_list":["post-2712","page","type-page","status-publish","hentry"],"acf":[],"jetpack_sharing_enabled":true,"_links":{"self":[{"href":"https:\/\/montreal2024.reiactis.net\/en\/wp-json\/wp\/v2\/pages\/2712","targetHints":{"allow":["GET"]}}],"collection":[{"href":"https:\/\/montreal2024.reiactis.net\/en\/wp-json\/wp\/v2\/pages"}],"about":[{"href":"https:\/\/montreal2024.reiactis.net\/en\/wp-json\/wp\/v2\/types\/page"}],"author":[{"embeddable":true,"href":"https:\/\/montreal2024.reiactis.net\/en\/wp-json\/wp\/v2\/users\/1"}],"replies":[{"embeddable":true,"href":"https:\/\/montreal2024.reiactis.net\/en\/wp-json\/wp\/v2\/comments?post=2712"}],"version-history":[{"count":4,"href":"https:\/\/montreal2024.reiactis.net\/en\/wp-json\/wp\/v2\/pages\/2712\/revisions"}],"predecessor-version":[{"id":2724,"href":"https:\/\/montreal2024.reiactis.net\/en\/wp-json\/wp\/v2\/pages\/2712\/revisions\/2724"}],"wp:attachment":[{"href":"https:\/\/montreal2024.reiactis.net\/en\/wp-json\/wp\/v2\/media?parent=2712"}],"curies":[{"name":"wp","href":"https:\/\/api.w.org\/{rel}","templated":true}]}}