{"id":2502,"date":"2024-03-07T21:35:59","date_gmt":"2024-03-08T02:35:59","guid":{"rendered":"https:\/\/montreal2024.reiactis.net\/?page_id=2502"},"modified":"2024-03-21T22:54:38","modified_gmt":"2024-03-22T02:54:38","slug":"accommodation","status":"publish","type":"page","link":"https:\/\/montreal2024.reiactis.net\/en\/accommodation\/","title":{"rendered":"Accommodation"},"content":{"rendered":"\n<p>Information update (2024-03-08)<\/p>\n\n\n\n<p>The dates of the symposium, June 4-6, are very busy. The beginning of June will be very busy in Montreal. Hotel rooms and studios are available below. Please note that the week of the REIACTIS Colloquium will be very tight from an accommodations point of view, with notably the Formula 1 Grand-Prix taking place from June 7-9, 2024.<\/p>\n\n\n\n<p>We have been able to negotiate agreements with hospitality establishments with the invaluable help of the firm Conferium, who are assisting us in the preparation of the colloquium. We therefore have options for both student and regular accommodations.<\/p>\n\n\n\n<p>You can book directly on the hotel website, using the links and special codes provided. We strongly advise you to book your accommodations early; all our room reservations for R\u00c9IACTIS are cleared 45 days before the event, except for those with confirmed reservations.<\/p>\n\n\n\n<h2 class=\"wp-block-heading\">Tips for your stay in Montreal<\/h2>\n\n\n\n<p><strong><em>Please note that important tips for planning your stay in Montreal can be found following the links to the proposed hotels. More hotels may be added in the coming days &#8211; we&#8217;ll send reminders by e-mail.<\/em><\/strong><\/p>\n\n\n\n<p><\/p>\n\n\n\n<h2 class=\"wp-block-heading\">Suggested hotels:<\/h2>\n\n\n\n<h2 class=\"wp-block-heading\">1) Universit\u00e9 de Montr\u00e9al residences<\/h2>\n\n\n\n<p>Several types of studios. Hotel located near the conference site (5 to 10-minute walk). Close to the metro and Soci\u00e9t\u00e9 de transport de Montr\u00e9al buses. Approximately 20 minutes from downtown or neighborhoods of interest such as Plateau Mont-Royal.<\/p>\n\n\n\n<p><a href=\"https:\/\/www.zumresidences.ca\/en\/\">https:\/\/www.zumresidences.ca\/en\/<\/a><\/p>\n\n\n\n<p>2350, boulevard \u00c9douard-Montpetit, Montr\u00e9al (Qu\u00e9bec) H3T 1J4<\/p>\n\n\n\n<figure class=\"wp-block-image size-full\"><img loading=\"lazy\" decoding=\"async\" width=\"975\" height=\"656\" src=\"https:\/\/i0.wp.com\/montreal2024.reiactis.net\/wp-content\/uploads\/2024\/03\/hotel-udem.png?resize=975%2C656&#038;ssl=1\" alt=\"\" class=\"wp-image-2507\" srcset=\"https:\/\/i0.wp.com\/montreal2024.reiactis.net\/wp-content\/uploads\/2024\/03\/hotel-udem.png?w=975&amp;ssl=1 975w, https:\/\/i0.wp.com\/montreal2024.reiactis.net\/wp-content\/uploads\/2024\/03\/hotel-udem.png?resize=300%2C202&amp;ssl=1 300w, https:\/\/i0.wp.com\/montreal2024.reiactis.net\/wp-content\/uploads\/2024\/03\/hotel-udem.png?resize=768%2C517&amp;ssl=1 768w\" sizes=\"auto, (max-width: 975px) 100vw, 975px\" data-recalc-dims=\"1\" \/><\/figure>\n\n\n\n<p><\/p>\n\n\n\n<div class=\"wp-block-buttons is-layout-flex wp-block-buttons-is-layout-flex\">\n<div class=\"wp-block-button\"><a class=\"wp-block-button__link wp-element-button\" href=\"https:\/\/direct-book.com\/properties\/zumhoteldirect?locale=en&amp;items[0][adults]=1&amp;items[0][children]=0&amp;items[0][infants]=0&amp;currency=CAD&amp;checkInDate=2024-06-03&amp;checkOutDate=2024-06-07&amp;trackPage=no&amp;promocode=REIACTIS-2024\">Reservation link REIACTIS 2024 &#8211; UdeM Residence<\/a><\/div>\n<\/div>\n\n\n\n<p><\/p>\n\n\n\n<h2 class=\"wp-block-heading\">2) Residence Inn by Marriott Montreal Midtown<\/h2>\n\n\n\n<p>Rooms and apartments. Hotel relatively close to the conference site (about 20 minutes by subway\/bus or 15 minutes by taxi\/Uber). Transportation suggestions will be provided. Close to the metro and Soci\u00e9t\u00e9 de transport de Montr\u00e9al buses. Approximately 25 minutes from downtown or neighborhoods of interest such as Plateau Mont-Royal.<\/p>\n\n\n\n<p><a href=\"https:\/\/www.marriott.com\/fr\/hotels\/yulnd-courtyard-montreal-midtown\/overview\/\">https:\/\/www.marriott.com\/fr\/hotels\/yulnd-courtyard-montreal-midtown\/overview\/<\/a><\/p>\n\n\n\n<p><a href=\"https:\/\/www.marriott.com\/fr\/hotels\/yulrg-residence-inn-montreal-midtown\/overview\/\">https:\/\/www.marriott.com\/fr\/hotels\/yulrg-residence-inn-montreal-midtown\/overview\/<\/a><\/p>\n\n\n\n<p>6785-6787 D\u00e9carie Boulevard, Montreal, Quebec H3W 3E3<\/p>\n\n\n\n<figure class=\"wp-block-image size-full\"><img loading=\"lazy\" decoding=\"async\" width=\"975\" height=\"650\" src=\"https:\/\/i0.wp.com\/montreal2024.reiactis.net\/wp-content\/uploads\/2024\/03\/hotel-marriot.png?resize=975%2C650&#038;ssl=1\" alt=\"\" class=\"wp-image-2517\" srcset=\"https:\/\/i0.wp.com\/montreal2024.reiactis.net\/wp-content\/uploads\/2024\/03\/hotel-marriot.png?w=975&amp;ssl=1 975w, https:\/\/i0.wp.com\/montreal2024.reiactis.net\/wp-content\/uploads\/2024\/03\/hotel-marriot.png?resize=300%2C200&amp;ssl=1 300w, https:\/\/i0.wp.com\/montreal2024.reiactis.net\/wp-content\/uploads\/2024\/03\/hotel-marriot.png?resize=768%2C512&amp;ssl=1 768w\" sizes=\"auto, (max-width: 975px) 100vw, 975px\" data-recalc-dims=\"1\" \/><\/figure>\n\n\n\n<p><\/p>\n\n\n\n<div class=\"wp-block-buttons is-layout-flex wp-block-buttons-is-layout-flex\">\n<div class=\"wp-block-button\"><a class=\"wp-block-button__link wp-element-button\" href=\"https:\/\/www.marriott.com\/event-reservations\/reservation-link.mi?id=1709669577129&amp;key=GRP&amp;app=resvlink\">Booking link REIACTIS 2024 &#8211; Courtyard Marriot<\/a><\/div>\n<\/div>\n\n\n\n<p><\/p>\n\n\n\n<h2 class=\"wp-block-heading\">3) Hilton Garden Inn Montreal Midtown<\/h2>\n\n\n\n<p>Rooms. Hotel relatively close to the conference site (about 20 minutes by metro\/bus or 15 minutes by taxi\/Uber). Transportation suggestions will be provided. Proximity to metro and Soci\u00e9t\u00e9 de transport de Montr\u00e9al buses. Approximately 25 minutes from downtown or neighborhoods of interest such as Plateau Mont-Royal.<\/p>\n\n\n\n<p><a href=\"https:\/\/www.hilton.com\/en\/hotels\/ymqmmgi-hilton-garden-inn-montreal-midtown\/\">https:\/\/www.hilton.com\/en\/hotels\/ymqmmgi-hilton-garden-inn-montreal-midtown\/<\/a><\/p>\n\n\n\n<p>6939 D\u00e9carie Boulevard, Montreal, Quebec H3W 3E5<\/p>\n\n\n\n<figure class=\"wp-block-image size-full\"><img loading=\"lazy\" decoding=\"async\" width=\"975\" height=\"546\" src=\"https:\/\/i0.wp.com\/montreal2024.reiactis.net\/wp-content\/uploads\/2024\/03\/hotel-hilton.png?resize=975%2C546&#038;ssl=1\" alt=\"\" class=\"wp-image-2523\" srcset=\"https:\/\/i0.wp.com\/montreal2024.reiactis.net\/wp-content\/uploads\/2024\/03\/hotel-hilton.png?w=975&amp;ssl=1 975w, https:\/\/i0.wp.com\/montreal2024.reiactis.net\/wp-content\/uploads\/2024\/03\/hotel-hilton.png?resize=300%2C168&amp;ssl=1 300w, https:\/\/i0.wp.com\/montreal2024.reiactis.net\/wp-content\/uploads\/2024\/03\/hotel-hilton.png?resize=768%2C430&amp;ssl=1 768w\" sizes=\"auto, (max-width: 975px) 100vw, 975px\" data-recalc-dims=\"1\" \/><\/figure>\n\n\n\n<p><\/p>\n\n\n\n<div class=\"wp-block-buttons is-layout-flex wp-block-buttons-is-layout-flex\">\n<div class=\"wp-block-button\"><a class=\"wp-block-button__link wp-element-button\" href=\"https:\/\/www.hilton.com\/en\/attend-my-event\/7ecolloquedureiactis2024-udem\/\">Booking link REIACTIS 2024 &#8211; Hilton Garden Inn Montreal Midtown<\/a><\/div>\n<\/div>\n\n\n\n<p><\/p>\n\n\n\n<h2 class=\"wp-block-heading\">4) Omni Hotel Mont-Royal<\/h2>\n\n\n\n<p>Rooms. Hotel in downtown Montreal, relatively close to the conference site (about 30 minutes by metro\/bus or 12 minutes by taxi\/Uber). Transportation recommendations will be provided. Close to the metro and Soci\u00e9t\u00e9 de transport de Montr\u00e9al buses, as well as to points of interest in downtown Montreal.<\/p>\n\n\n\n<p><a href=\"https:\/\/www.omnihotels.com\/hotels\/montreal-mont-royal\">https:\/\/www.omnihotels.com\/hotels\/montreal-mont-royal<\/a><\/p>\n\n\n\n<p>1050 Sherbrooke Street West, Montreal, Quebec, H3A 2R6<\/p>\n\n\n\n<figure class=\"wp-block-image size-large\"><img loading=\"lazy\" decoding=\"async\" width=\"641\" height=\"1024\" src=\"https:\/\/i0.wp.com\/montreal2024.reiactis.net\/wp-content\/uploads\/2024\/03\/hotel-omni.png?resize=641%2C1024&#038;ssl=1\" alt=\"\" class=\"wp-image-2543\" srcset=\"https:\/\/i0.wp.com\/montreal2024.reiactis.net\/wp-content\/uploads\/2024\/03\/hotel-omni.png?resize=641%2C1024&amp;ssl=1 641w, https:\/\/i0.wp.com\/montreal2024.reiactis.net\/wp-content\/uploads\/2024\/03\/hotel-omni.png?resize=188%2C300&amp;ssl=1 188w, https:\/\/i0.wp.com\/montreal2024.reiactis.net\/wp-content\/uploads\/2024\/03\/hotel-omni.png?resize=768%2C1228&amp;ssl=1 768w, https:\/\/i0.wp.com\/montreal2024.reiactis.net\/wp-content\/uploads\/2024\/03\/hotel-omni.png?resize=961%2C1536&amp;ssl=1 961w, https:\/\/i0.wp.com\/montreal2024.reiactis.net\/wp-content\/uploads\/2024\/03\/hotel-omni.png?w=1200&amp;ssl=1 1200w\" sizes=\"auto, (max-width: 641px) 100vw, 641px\" data-recalc-dims=\"1\" \/><\/figure>\n\n\n\n<p><\/p>\n\n\n\n<div class=\"wp-block-buttons is-layout-flex wp-block-buttons-is-layout-flex\">\n<div class=\"wp-block-button\"><a class=\"wp-block-button__link wp-element-button\" href=\"https:\/\/www.omnihotels.com\/hotels\/montreal-mont-royal\/meetings\/reiactis-2024-06022024\">REIACTIS 2024 reservation link &#8211; H\u00f4tel Omni Centre-ville<\/a><\/div>\n<\/div>\n\n\n\n<p><\/p>\n\n\n\n<h2 class=\"wp-block-heading\">A few tips for your stay in Montreal and Quebec<\/h2>\n\n\n\n<ul class=\"wp-block-list\">\n<li>Don&#8217;t forget that, in addition to the hotels suggested, you can also visit aggregator sites such as Expedia (https:\/\/www.expedia.ca) or Trivago (https:\/\/www.trivago.ca). There may be &#8220;hidden&#8221; and &#8220;good deal&#8221; options available, especially for early arrivals.<\/li>\n<\/ul>\n\n\n\n<ul class=\"wp-block-list\">\n<li>Besides the hotels suggested, you could also book an apartment or room via AirBnB or a similar service. In this case, don&#8217;t forget to check the accessibility of the Soci\u00e9t\u00e9 de transport de Montr\u00e9al metro and bus network to the conference site (C\u00f4te-des-Neiges or Universit\u00e9 de Montr\u00e9al metro stations).<\/li>\n<\/ul>\n\n\n\n<ul class=\"wp-block-list\">\n<li>Think about searching along the blue and orange metro lines, which are more accessible for access to the Universit\u00e9 de Montr\u00e9al campus. The downtown, Griffintown, Plateau-Mont-Royal, Little Italy, C\u00f4te-des-Neiges and Notre-Dame-de-Gr\u00e2ce neighbourhoods are all good places to stay.<\/li>\n<\/ul>\n\n\n\n<ul class=\"wp-block-list\">\n<li>To keep the costs of an extended stay in Quebec to a minimum, consider planning your stay outside the Greater Montreal area from June 6-8. Destinations will be proposed for participants wishing to visit other regions with good accessibility to Montreal (Quebec, Laurentians, Eastern Townships, Mont\u00e9r\u00e9gie, Centre-du-Qu\u00e9bec) &#8211; we&#8217;ll send reminders by e-mail.<\/li>\n<\/ul>\n\n\n\n<ul class=\"wp-block-list\">\n<li>For participants leaving Montreal on June 7, consider the possibility of staying at hotels directly adjacent to the airport &#8211; or at those listed above. Prices for downtown accommodations in Montreal from June 6-8 soar due to the Formula 1 Grand Prix.<\/li>\n<\/ul>\n\n\n\n<ul class=\"wp-block-list\">\n<li>Watch out for the &#8220;hotel scam&#8221;!!! It is possible that companies may solicit our participants by offering to reserve their hotel room for the colloquium. If you receive a phone call or email from an accommodation management company, please be aware that they have no association with Conferium or the REIACTIS colloquium and are not authorized to book hotel rooms for you on our behalf.\u00a0 We recommend that you use the booking links on this page or contact the hotel directly for your reservations in our block of rooms and studios.<\/li>\n<\/ul>\n\n\n\n<ul class=\"wp-block-list\">\n<li>Beware the &#8220;Participant List Scam&#8221;!!! We do not share, much less sell, our confidential participant list. If you are contacted by a company offering you products and services via an attendee list or for other products or services using a REIACTIS list, please be aware that they have no association with Conferium or the REIACTIS Conference and have not been authorized.<\/li>\n<\/ul>\n","protected":false},"excerpt":{"rendered":"<p>Information update (2024-03-08) The dates of the symposium, June 4-6, are very busy. The beginning of June will be very busy in Montreal. Hotel rooms and studios are available below. Please note that the week of the REIACTIS Colloquium will be very tight from an accommodations point of view, with notably the Formula 1 Grand-Prix<a class=\"excerpt-read-more\" href=\"https:\/\/montreal2024.reiactis.net\/en\/accommodation\/\" title=\"ReadAccommodation\">&#8230; Read more &raquo;<\/a><\/p>\n","protected":false},"author":1,"featured_media":0,"parent":0,"menu_order":20,"comment_status":"closed","ping_status":"closed","template":"","meta":{"_acf_changed":false,"footnotes":""},"class_list":["post-2502","page","type-page","status-publish","hentry"],"acf":[],"jetpack_sharing_enabled":true,"_links":{"self":[{"href":"https:\/\/montreal2024.reiactis.net\/en\/wp-json\/wp\/v2\/pages\/2502","targetHints":{"allow":["GET"]}}],"collection":[{"href":"https:\/\/montreal2024.reiactis.net\/en\/wp-json\/wp\/v2\/pages"}],"about":[{"href":"https:\/\/montreal2024.reiactis.net\/en\/wp-json\/wp\/v2\/types\/page"}],"author":[{"embeddable":true,"href":"https:\/\/montreal2024.reiactis.net\/en\/wp-json\/wp\/v2\/users\/1"}],"replies":[{"embeddable":true,"href":"https:\/\/montreal2024.reiactis.net\/en\/wp-json\/wp\/v2\/comments?post=2502"}],"version-history":[{"count":5,"href":"https:\/\/montreal2024.reiactis.net\/en\/wp-json\/wp\/v2\/pages\/2502\/revisions"}],"predecessor-version":[{"id":2559,"href":"https:\/\/montreal2024.reiactis.net\/en\/wp-json\/wp\/v2\/pages\/2502\/revisions\/2559"}],"wp:attachment":[{"href":"https:\/\/montreal2024.reiactis.net\/en\/wp-json\/wp\/v2\/media?parent=2502"}],"curies":[{"name":"wp","href":"https:\/\/api.w.org\/{rel}","templated":true}]}}